{"id":324,"date":"2022-07-22T09:26:07","date_gmt":"2022-07-22T13:26:07","guid":{"rendered":"https:\/\/somatuline.clearoute.dev\/?page_id=324"},"modified":"2023-05-01T07:17:20","modified_gmt":"2023-05-01T11:17:20","slug":"conditions-dutilisation","status":"publish","type":"page","link":"https:\/\/www.increlex.ca\/fr\/conditions-dutilisation\/","title":{"rendered":"Conditions d\u2019utilisation"},"content":{"rendered":"<div class=\"legal-info\">\n<h2 class=\"p1\"><span class=\"s1\"><b><u>Acceptation<\/u><\/b><\/span><\/h2>\n<p class=\"p1\"><span style=\"font-weight: 100;\">Le site<\/span>\u00a0<a href=\"\/\">[Increlex.ca]<\/a> site <span style=\"font-weight: 100;\">(le \u00ab site Web \u00bb) a \u00e9t\u00e9 cr\u00e9\u00e9 et est offert par Ipsen Biopharmaceuticals Canada Inc. (ci-apr\u00e8s, collectivement avec ses soci\u00e9t\u00e9s affili\u00e9es, \u00ab Ipsen \u00bb ou \u00ab nous \u00bb). Votre acc\u00e8s au site Web et votre utilisation de celui-ci sont assujettis aux conditions qui suivent, \u00e0 notre <a href=\"\/fr\/politique-de-confidentialite\/\">Politique de confidentialit\u00e9<\/a>, et \u00e0 toutes les lois applicables. En acc\u00e9dant au site Web, vous acceptez sans restriction ni r\u00e9serve les pr\u00e9sentes conditions d\u2019utilisation.\u00a0\u00a0<\/span><\/p>\n<h2 class=\"p1\"><span class=\"s1\"><b><u>Utilisation de l\u2019information<\/u><\/b><\/span><\/h2>\n<p><span style=\"font-weight: 100;\">CE SITE WEB N\u2019EST PAS DESTIN\u00c9 \u00c0 REMPLACER LES CONSEILS M\u00c9DICAUX FOURNIS PAR DES PROFESSIONNELS DE LA SANT\u00c9. VEUILLEZ CONSULTER VOTRE M\u00c9DECIN TRAITANT SI VOUS AVEZ DES QUESTIONS CONCERNANT VOTRE SANT\u00c9 ET VOTRE BIEN-\u00caTRE.<\/span><\/p>\n<p><span style=\"font-weight: 100;\">Vous n\u2019\u00eates pas autoris\u00e9 \u00e0 distribuer, modifier, transmettre, r\u00e9utiliser, republier ou utiliser quelque information du site Web que ce soit \u00e0 des fins commerciales, et vous devez tenir pour acquis que tout ce que vous voyez ou lisez sur ce site Web est, sauf indication contraire, prot\u00e9g\u00e9 par le droit d\u2019auteur et ne peut \u00eatre utilis\u00e9 qu\u2019aux fins pr\u00e9vues aux pr\u00e9sentes conditions d\u2019utilisation.\u00a0<\/span><\/p>\n<p><span style=\"font-weight: 100;\">Sauf dans la mesure permise au pr\u00e9sent paragraphe, nous ne garantissons ni ne d\u00e9clarons que votre utilisation du mat\u00e9riel affich\u00e9 sur le site Web ne violera pas les droits de tiers qui n\u2019appartiennent pas et ne sont pas affili\u00e9s \u00e0 Ipsen. \u00c0 l\u2019exception de l\u2019autorisation restreinte susmentionn\u00e9e, il ne vous est octroy\u00e9 ou conc\u00e9d\u00e9 ni licence ni droit quant \u00e0 l\u2019information et \u00e0 tout droit d\u2019auteur d\u2019Ipsen ou de toute autre partie.\u00a0<\/span><\/p>\n<p><span style=\"font-weight: 100;\">Ce site Web peut contenir des renseignements, des technologies, des produits ou des processus exclusifs ou d\u2019autres droits exclusifs d\u2019Ipsen ou d\u2019autres parties ou y renvoyer. Il ne vous est octroy\u00e9 ou conc\u00e9d\u00e9 ni licence ni droit quant \u00e0 ces marques de commerce, brevets, secrets commerciaux, technologies, produits, processus et autres droits exclusifs d\u2019Ipsen ou d\u2019autres parties.\u00a0<\/span><\/p>\n<h2 class=\"p1\"><span class=\"s1\"><b><u>Exon\u00e9ration de garanties <\/u><\/b><\/span><\/h2>\n<p><span style=\"font-weight: 100;\">Malgr\u00e9 les mesures raisonnables que nous d\u00e9ployons pour veiller \u00e0 ce que l\u2019information disponible sur ce site Web soit exacte et \u00e0 jour, cette information peut contenir des inexactitudes ou des erreurs typographiques. Nous nous r\u00e9servons le droit d\u2019apporter \u00e0 l\u2019information des modifications, des corrections et des am\u00e9liorations en tout temps et sans avis. Nous ne donnons aucune garantie et ne faisons aucune d\u00e9claration quant \u00e0 l\u2019exactitude de l\u2019information et nous d\u00e9clinons toute responsabilit\u00e9 relativement \u00e0 quelque erreur ou omission que ce soit dans le contenu du site Web.\u00a0<\/span><\/p>\n<p><span style=\"font-weight: 100;\">TOUTE L\u2019INFORMATION EST PR\u00c9SENT\u00c9E \u00ab\u00a0TELLE QUELLE\u00a0\u00bb. NOUS NE DONNONS AUCUNE GARANTIE QUANT \u00c0 L\u2019EXHAUSTIVIT\u00c9, \u00c0 L\u2019EXACTITUDE ET AUX UTILISATIONS POSSIBLES DE L\u2019INFORMATION PR\u00c9SENT\u00c9E SUR CE SITE WEB. PAR CONS\u00c9QUENT, L\u2019INFORMATION DOIT \u00caTRE SOIGNEUSEMENT \u00c9VALU\u00c9E PAR LES UTILISATEURS AVANT D\u2019\u00caTRE UTILIS\u00c9E. VOUS POUVEZ UTILISER CETTE INFORMATION \u00c0 VOTRE PROPRE DISCR\u00c9TION ET \u00c0 VOS PROPRES RISQUES. DANS LA MESURE MAXIMALE PERMISE PAR LA LOI, IPSEN, AINSI QUE TOUTE AUTRE SOCI\u00c9T\u00c9 DU M\u00caME GROUPE ET TOUTE AUTRE PARTIE INTERVENANT DANS LA CR\u00c9ATION, LA PRODUCTION OU LA MISE \u00c0 DISPOSITION DE CE SITE WEB EXCLUENT TOUTE GARANTIE OU RESPONSABILIT\u00c9 \u00c0 L\u2019\u00c9GARD DE TOUT DOMMAGE DIRECT, ACCESSOIRE, CONS\u00c9CUTIF, INDIRECT OU PUNITIF D\u00c9COULANT DE L\u2019ACC\u00c8S \u00c0 CE SITE WEB, DE SON UTILISATION OU DE L\u2019IMPOSSIBILIT\u00c9 DE L\u2019UTILISER, OU DE TOUTE ERREUR OU OMISSION DANS LE CONTENU DU SITE WEB.\u00a0<\/span><\/p>\n<p><span style=\"font-weight: 100;\">De plus, nous d\u00e9clinons toute responsabilit\u00e9 \u00e0 l\u2019\u00e9gard des dommages et des infections de virus susceptibles de toucher votre \u00e9quipement ou d\u2019autres biens et d\u00e9coulant de votre acc\u00e8s \u00e0 l\u2019information ou de son utilisation. <\/span><\/p>\n<h2 class=\"p1\"><span class=\"s1\"><b><u>Renseignements que vous fournissez<\/u><span class=\"Apple-converted-space\">\u00a0<\/span><\/b><\/span><\/h2>\n<p class=\"p1\"><span style=\"font-weight: 100;\">\u00c0 l\u2019exception des renseignements couverts par la <a href=\"\/fr\/politique-de-confidentialite\/\">Politique de confidentialit\u00e9<\/a>, si une telle politique est applicable, tous les documents ou communications que vous transmettez au site Web, y compris les donn\u00e9es, les questions, les commentaires, les suggestions ou autres renseignements semblables, sont et seront trait\u00e9s comme des renseignements non confidentiels et non exclusifs. Nous sommes libres de reproduire, utiliser, divulguer, publier et distribuer ces renseignements \u00e0 des tiers sans limite ni responsabilit\u00e9. En outre, nous sommes libres d\u2019utiliser, sans avoir \u00e0 vous r\u00e9mun\u00e9rer, tout savoir-faire, id\u00e9e, invention, concept ou technique contenus dans ces renseignements \u00e0 quelque fin que ce soit, y compris, mais sans s\u2019y limiter, pour concevoir, fabriquer ou commercialiser des biens ou des services.<\/span><\/p>\n<h2 class=\"p1\"><span class=\"s1\"><b><u>Cons\u00e9quences<\/u><span class=\"Apple-converted-space\">\u00a0<\/span><\/b><\/span><\/h2>\n<p class=\"p1\"><span style=\"font-weight: 100;\">Si nous apprenons que vous avez viol\u00e9 l\u2019une ou l\u2019autre des modalit\u00e9s et conditions \u00e9nonc\u00e9es aux pr\u00e9sentes, nous sommes en droit de prendre imm\u00e9diatement des mesures correctives, y compris d\u2019emp\u00eacher l\u2019utilisateur d\u2019utiliser le site Web, en tout temps et sans avis. Si votre violation nous a caus\u00e9 des dommages ou des pr\u00e9judices, nous pouvons, \u00e0 notre enti\u00e8re discr\u00e9tion, vous r\u00e9clamer des dommages-int\u00e9r\u00eats. <\/span><\/p>\n<h2 class=\"p1\"><span class=\"s1\"><b><u>R\u00e9visions<\/u><span class=\"Apple-converted-space\">\u00a0<\/span><\/b><\/span><\/h2>\n<p><span style=\"font-weight: 100;\">Nous pouvons en tout temps r\u00e9viser les pr\u00e9sentes conditions d\u2019utilisation en effectuant une mise \u00e0 jour du pr\u00e9sent document et en avisant l\u2019utilisateur de celle-ci par un moyen suffisant (par exemple, une fen\u00eatre contextuelle affich\u00e9e sur le site Web). Les conditions d\u2019utilisation r\u00e9vis\u00e9es entrent en vigueur dans les 30 jours civils suivant une telle mise \u00e0 jour. En continuant d\u2019acc\u00e9der au site Web ou de l\u2019utiliser apr\u00e8s la date d\u2019entr\u00e9e en vigueur de ces conditions d\u2019utilisation r\u00e9vis\u00e9es, vous signifiez que vous les reconnaissez et acceptez d\u2019\u00eatre li\u00e9 \u00e0 celles-ci. Si vous n\u2019\u00eates pas d\u2019accord avec les conditions d\u2019utilisation r\u00e9vis\u00e9es, vous devez cesser imm\u00e9diatement d\u2019acc\u00e9der au site Web et de l\u2019utiliser. Il vous est conseill\u00e9 de consulter p\u00e9riodiquement cette page afin de prendre connaissance des conditions d\u2019utilisation en vigueur qui vous lient.<\/span><\/p>\n<p><span style=\"font-weight: 100;\">Nous nous r\u00e9servons le droit de fermer ce site Web \u00e0 tout moment, sans responsabilit\u00e9 envers vous ou toute autre personne. Vous recevrez un pr\u00e9avis vous informant de la d\u00e9sactivation du site.<\/span><\/p>\n<h2 class=\"p1\"><span class=\"s1\"><b><u>Propri\u00e9t\u00e9 intellectuelle<\/u><\/b><\/span><\/h2>\n<p class=\"p1\"><span style=\"font-weight: 100;\">Le contenu de ce site Web est enti\u00e8rement prot\u00e9g\u00e9 par les droits de propri\u00e9t\u00e9 intellectuelle en vigueur. Aucun contenu de ce site Web ne peut \u00eatre reproduit, affich\u00e9 ou r\u00e9utilis\u00e9 de quelque fa\u00e7on que ce soit sans notre permission \u00e9crite pr\u00e9alable.<\/span><\/p>\n<h2 class=\"p1\"><span class=\"s1\"><b><u>Effets ind\u00e9sirables<\/u><span class=\"Apple-converted-space\">\u00a0<\/span><\/b><\/span><\/h2>\n<p class=\"p1\"><span style=\"font-weight: 100;\">D\u00e9claration des effets secondaires soup\u00e7onn\u00e9s<\/span><\/p>\n<p class=\"p1\"><span style=\"font-weight: 100;\">Vous pouvez signaler les effets ind\u00e9sirables soup\u00e7onn\u00e9s d\u2019\u00eatre associ\u00e9s \u00e0 l\u2019utilisation de produits de sant\u00e9 au Programme Canada Vigilance de l\u2019une des trois fa\u00e7ons suivantes\u00a0: <\/span><\/p>\n<p>En faisant une d\u00e9claration en ligne au <a class=\"text-break\" href=\"https:\/\/hpr-rps.hres.ca\/side-effects-reporting-form.php?form=voluntary&#038;lang=fr \">https:\/\/hpr-rps.hres.ca\/side-effects-reporting-form.php?form=voluntary&#038;lang=fr<\/a><br \/>\n<span style=\"font-weight: 100;\">En composant le num\u00e9ro sans frais<\/span>\u00a0<span class=\"s1\"><a href=\"tel:18662342345\">1-866-234-2345<\/a><span class=\"Apple-converted-space\">\u00a0<\/span><\/span><br \/>\n<span style=\"font-weight: 100;\">En remplissant un Formulaire de d\u00e9claration de Canada Vigilance et en le faisant parvenir : <\/span><span class=\"Apple-converted-space\">\u00a0<\/span><br \/>\n<span style=\"font-weight: 100;\">Par t\u00e9l\u00e9copieur au num\u00e9ro sans frais<\/span>\u00a0<a href=\"tel:18666786789\"><span class=\"s1\">1-866-678-6789<\/span><\/a>,<span class=\"Apple-converted-space\">\u00a0<\/span><br \/>\nOU<br \/>\n<span style=\"font-weight: 100;\">Par la poste, \u00e0 l\u2019adresse suivante : <\/span><span class=\"Apple-converted-space\">\u00a0<\/span><br \/>\n<span style=\"font-weight: 100;\">Programme Canada Vigilance<\/span><br \/>\n<span style=\"font-weight: 100;\">Sant\u00e9 Canada.<\/span><span class=\"Apple-converted-space\">\u00a0<\/span><br \/>\n<span style=\"font-weight: 100;\">Indice postal 1908C<\/span><span class=\"Apple-converted-space\">\u00a0<\/span><br \/>\n<span style=\"font-weight: 100;\">Ottawa (Ontario)<\/span><span class=\"Apple-converted-space\">\u00a0<\/span><br \/>\nK1A 0K9<span class=\"Apple-converted-space\">\u00a0<\/span><\/p>\n<p class=\"p1\"><span style=\"font-weight: 100;\">Les lignes directrices en mati\u00e8re de d\u00e9claration des effets secondaires sont accessibles sur le site Web de MedEffet<\/span><sup style=\"font-weight: 100;\">MC<\/sup><span style=\"font-weight: 100;\"> Canada au <a class=\"text-break\" href=\"https:\/\/www.canada.ca\/fr\/sante-canada\/services\/medicaments-produits-sante\/medeffet-canada.html.\">https:\/\/www.canada.ca\/fr\/sante-canada\/services\/medicaments-produits-sante\/medeffet-canada.html. <\/a><\/span><\/p>\n<p class=\"p1\"><span style=\"font-weight: 100;\">REMARQUE\u00a0: Si vous d\u00e9sirez obtenir des renseignements sur la prise en charge des effets secondaires, veuillez communiquer avec votre professionnel de la sant\u00e9. Le Programme Canada Vigilance ne donne pas de conseils m\u00e9dicaux. <\/span><\/p>\n<h2 class=\"p1\"><span class=\"s1\"><b><u>Divisibilit\u00e9<\/u><span class=\"Apple-converted-space\">\u00a0<\/span><\/b><\/span><\/h2>\n<p class=\"p1\"><span style=\"font-weight: 100;\">La nullit\u00e9 ou l\u2019inapplicabilit\u00e9 d\u2019une stipulation des pr\u00e9sentes conditions d\u2019utilisation est sans effet sur la validit\u00e9 ou l\u2019applicabilit\u00e9 des autres stipulations, lesquelles demeurent pleinement en vigueur, sauf lorsque la nullit\u00e9 ou l\u2019inapplicabilit\u00e9 se rapporte \u00e0 une modalit\u00e9 essentielle de ces conditions d\u2019utilisation. <\/span><\/p>\n<h2 class=\"p1\"><span class=\"s1\"><b><u>Lois applicables<\/u><span class=\"Apple-converted-space\">\u00a0<\/span><\/b><\/span><\/h2>\n<p class=\"p1\"><span style=\"font-weight: 100;\">Les pr\u00e9sentes conditions d\u2019utilisation et votre utilisation du site Web sont r\u00e9gies par les lois de l\u2019Ontario. <\/span><\/p>\n<p class=\"p2\"><span style=\"font-weight: 100;\">Derni\u00e8re mise \u00e0 jour le 27\u00a0juillet 2020\u00a0 <\/span><\/p>\n<\/div>\n","protected":false},"excerpt":{"rendered":"<p>Acceptation Le site\u00a0[Increlex.ca] site (le \u00ab site Web \u00bb) a \u00e9t\u00e9 cr\u00e9\u00e9 et est offert par Ipsen Biopharmaceuticals Canada Inc. (ci-apr\u00e8s, collectivement avec ses soci\u00e9t\u00e9s affili\u00e9es, \u00ab Ipsen \u00bb ou \u00ab nous \u00bb). Votre acc\u00e8s au site Web et votre utilisation de celui-ci sont assujettis aux conditions qui suivent, \u00e0 notre Politique de confidentialit\u00e9, et [&hellip;]<\/p>\n","protected":false},"author":2,"featured_media":0,"parent":0,"menu_order":0,"comment_status":"closed","ping_status":"closed","template":"page-legal.php","meta":{"_acf_changed":false,"inline_featured_image":false,"footnotes":""},"class_list":["post-324","page","type-page","status-publish","hentry"],"acf":[],"yoast_head":"<!-- This site is optimized with the Yoast SEO plugin v24.0 - https:\/\/yoast.com\/wordpress\/plugins\/seo\/ -->\n<title>Conditions d\u2019utilisation | Increlex\u00ae<\/title>\n<meta name=\"description\" content=\"Conditions d\u2019utilisation\" \/>\n<meta name=\"robots\" content=\"index, follow, max-snippet:-1, max-image-preview:large, max-video-preview:-1\" \/>\n<link rel=\"canonical\" href=\"https:\/\/www.increlex.ca\/fr\/conditions-dutilisation\/\" \/>\n<meta property=\"og:locale\" content=\"fr_FR\" \/>\n<meta property=\"og:type\" content=\"article\" \/>\n<meta property=\"og:title\" content=\"Conditions d\u2019utilisation | Increlex\u00ae\" \/>\n<meta property=\"og:description\" content=\"Conditions d\u2019utilisation\" \/>\n<meta property=\"og:url\" content=\"https:\/\/www.increlex.ca\/fr\/conditions-dutilisation\/\" \/>\n<meta property=\"og:site_name\" content=\"Increlex\u00ae\" \/>\n<meta property=\"article:modified_time\" content=\"2023-05-01T11:17:20+00:00\" \/>\n<meta name=\"twitter:card\" content=\"summary_large_image\" \/>\n<meta name=\"twitter:label1\" content=\"Dur\u00e9e de lecture estim\u00e9e\" \/>\n\t<meta name=\"twitter:data1\" content=\"6 minutes\" \/>\n<script type=\"application\/ld+json\" class=\"yoast-schema-graph\">{\"@context\":\"https:\/\/schema.org\",\"@graph\":[{\"@type\":\"WebPage\",\"@id\":\"https:\/\/www.increlex.ca\/fr\/conditions-dutilisation\/\",\"url\":\"https:\/\/www.increlex.ca\/fr\/conditions-dutilisation\/\",\"name\":\"Conditions d\u2019utilisation | Increlex\u00ae\",\"isPartOf\":{\"@id\":\"https:\/\/www.increlex.ca\/fr\/#website\"},\"datePublished\":\"2022-07-22T13:26:07+00:00\",\"dateModified\":\"2023-05-01T11:17:20+00:00\",\"description\":\"Conditions d\u2019utilisation\",\"breadcrumb\":{\"@id\":\"https:\/\/www.increlex.ca\/fr\/conditions-dutilisation\/#breadcrumb\"},\"inLanguage\":\"fr-FR\",\"potentialAction\":[{\"@type\":\"ReadAction\",\"target\":[\"https:\/\/www.increlex.ca\/fr\/conditions-dutilisation\/\"]}]},{\"@type\":\"BreadcrumbList\",\"@id\":\"https:\/\/www.increlex.ca\/fr\/conditions-dutilisation\/#breadcrumb\",\"itemListElement\":[{\"@type\":\"ListItem\",\"position\":1,\"name\":\"Home\",\"item\":\"https:\/\/www.increlex.ca\/fr\/\"},{\"@type\":\"ListItem\",\"position\":2,\"name\":\"Conditions d\u2019utilisation\"}]},{\"@type\":\"WebSite\",\"@id\":\"https:\/\/www.increlex.ca\/fr\/#website\",\"url\":\"https:\/\/www.increlex.ca\/fr\/\",\"name\":\"Increlex\u00ae\",\"description\":\"\",\"potentialAction\":[{\"@type\":\"SearchAction\",\"target\":{\"@type\":\"EntryPoint\",\"urlTemplate\":\"https:\/\/www.increlex.ca\/fr\/?s={search_term_string}\"},\"query-input\":{\"@type\":\"PropertyValueSpecification\",\"valueRequired\":true,\"valueName\":\"search_term_string\"}}],\"inLanguage\":\"fr-FR\"}]}<\/script>\n<!-- \/ Yoast SEO plugin. -->","yoast_head_json":{"title":"Conditions d\u2019utilisation | Increlex\u00ae","description":"Conditions d\u2019utilisation","robots":{"index":"index","follow":"follow","max-snippet":"max-snippet:-1","max-image-preview":"max-image-preview:large","max-video-preview":"max-video-preview:-1"},"canonical":"https:\/\/www.increlex.ca\/fr\/conditions-dutilisation\/","og_locale":"fr_FR","og_type":"article","og_title":"Conditions d\u2019utilisation | Increlex\u00ae","og_description":"Conditions d\u2019utilisation","og_url":"https:\/\/www.increlex.ca\/fr\/conditions-dutilisation\/","og_site_name":"Increlex\u00ae","article_modified_time":"2023-05-01T11:17:20+00:00","twitter_card":"summary_large_image","twitter_misc":{"Dur\u00e9e de lecture estim\u00e9e":"6 minutes"},"schema":{"@context":"https:\/\/schema.org","@graph":[{"@type":"WebPage","@id":"https:\/\/www.increlex.ca\/fr\/conditions-dutilisation\/","url":"https:\/\/www.increlex.ca\/fr\/conditions-dutilisation\/","name":"Conditions d\u2019utilisation | Increlex\u00ae","isPartOf":{"@id":"https:\/\/www.increlex.ca\/fr\/#website"},"datePublished":"2022-07-22T13:26:07+00:00","dateModified":"2023-05-01T11:17:20+00:00","description":"Conditions d\u2019utilisation","breadcrumb":{"@id":"https:\/\/www.increlex.ca\/fr\/conditions-dutilisation\/#breadcrumb"},"inLanguage":"fr-FR","potentialAction":[{"@type":"ReadAction","target":["https:\/\/www.increlex.ca\/fr\/conditions-dutilisation\/"]}]},{"@type":"BreadcrumbList","@id":"https:\/\/www.increlex.ca\/fr\/conditions-dutilisation\/#breadcrumb","itemListElement":[{"@type":"ListItem","position":1,"name":"Home","item":"https:\/\/www.increlex.ca\/fr\/"},{"@type":"ListItem","position":2,"name":"Conditions d\u2019utilisation"}]},{"@type":"WebSite","@id":"https:\/\/www.increlex.ca\/fr\/#website","url":"https:\/\/www.increlex.ca\/fr\/","name":"Increlex\u00ae","description":"","potentialAction":[{"@type":"SearchAction","target":{"@type":"EntryPoint","urlTemplate":"https:\/\/www.increlex.ca\/fr\/?s={search_term_string}"},"query-input":{"@type":"PropertyValueSpecification","valueRequired":true,"valueName":"search_term_string"}}],"inLanguage":"fr-FR"}]}},"_links":{"self":[{"href":"https:\/\/www.increlex.ca\/fr\/wp-json\/wp\/v2\/pages\/324","targetHints":{"allow":["GET"]}}],"collection":[{"href":"https:\/\/www.increlex.ca\/fr\/wp-json\/wp\/v2\/pages"}],"about":[{"href":"https:\/\/www.increlex.ca\/fr\/wp-json\/wp\/v2\/types\/page"}],"author":[{"embeddable":true,"href":"https:\/\/www.increlex.ca\/fr\/wp-json\/wp\/v2\/users\/2"}],"replies":[{"embeddable":true,"href":"https:\/\/www.increlex.ca\/fr\/wp-json\/wp\/v2\/comments?post=324"}],"version-history":[{"count":6,"href":"https:\/\/www.increlex.ca\/fr\/wp-json\/wp\/v2\/pages\/324\/revisions"}],"predecessor-version":[{"id":926,"href":"https:\/\/www.increlex.ca\/fr\/wp-json\/wp\/v2\/pages\/324\/revisions\/926"}],"wp:attachment":[{"href":"https:\/\/www.increlex.ca\/fr\/wp-json\/wp\/v2\/media?parent=324"}],"curies":[{"name":"wp","href":"https:\/\/api.w.org\/{rel}","templated":true}]}}